{"id":3,"date":"2023-06-28T16:24:45","date_gmt":"2023-06-28T16:24:45","guid":{"rendered":"https:\/\/global.grupocantarell.com\/?page_id=3"},"modified":"2024-11-05T20:43:53","modified_gmt":"2024-11-05T20:43:53","slug":"aviso-de-privacidad","status":"publish","type":"page","link":"https:\/\/global.grupocantarell.com\/index.php\/aviso-de-privacidad\/","title":{"rendered":"Aviso de Privacidad"},"content":{"rendered":"\n<p>AVISO DE PRIVACIDAD Conforme a lo previsto en la Ley Federal de Protecci\u00f3n de Datos Personales en Posesi\u00f3n de los Particulares, hacemos de su conocimiento, que GCG6, S.A. DE C.V., quien comercialmente usa el nombre de GRUPO CANTARELL, con domicilio en Calle Montecito N\u00famero 38, Piso 27, oficina 23 Y 24, Colonia N\u00e1poles, Alcald\u00eda Benito Ju\u00e1rez, C.P. 03810, Ciudad de M\u00e9xico, en caso de recabar sus datos personales, se hace responsable de los mismos en cuanto al uso, seguridad y confidencialidad que se le dar\u00e1 a los mismos y al respecto le informamos lo siguiente: I.- Finalidad de solicitar sus Datos Personales Los fines para los que recabamos y utilizamos sus datos personales son:<\/p>\n\n\n\n<p>Aportar la documentaci\u00f3n que sustente su petici\u00f3n. VIII.- Transferencia de Datos GRUPO CANTARELL podr\u00e1 transferir sus datos personales a terceros con los que mantenga una relaci\u00f3n jur\u00eddica, \u00fanicamente con el fin de cumplir con las finalidades<br>descritas en el Aviso de Privacidad. GRUPO CANTARELL tambi\u00e9n podr\u00e1 transferir sus datos personales en los casos espec\u00edficamente previstos en la Ley. IX.- Redes Sociales Las redes sociales como, Facebook, Twitter y Linkedin, entre otras, constituyen una plataforma de comunicaci\u00f3n y de interconexi\u00f3n entre plataformas digitales de los distintos usuarios, por lo que, son ajenas a GRUPO CANTARELL y, por lo tanto, no se encuentran bajo nuestra responsabilidad. La informaci\u00f3n que proporcione dentro de redes sociales en las que GRUPO CANTARELL participa como usuario, no constituyen, ni forman parte de los Datos Personales sujetos a la protecci\u00f3n de este Aviso de Privacidad, siendo responsabilidad de la empresa prestadora de esa plataforma y de quien lo publica. X.- Uso de Cookies El prestador por su propia cuenta o la de un tercero contratado para la prestaci\u00f3n de servicios de medici\u00f3n, pueden utilizar cookies cuando un usuario navega por el sitio web. Las cookies son ficheros enviados al navegador por medio de un servidor web con la finalidad de registrar las actividades del usuario durante su tiempo de navegaci\u00f3n. Las cookies utilizadas por el sitio web se asocian \u00fanicamente con un usuario an\u00f3nimo y su ordenador, y no proporcionan por s\u00ed mismas los datos personales del usuario. Mediante el uso de las cookies resulta posible que el servidor donde se encuentra la web, reconozca el navegador web utilizado por el usuario con la finalidad de que la navegaci\u00f3n sea m\u00e1s sencilla, permitiendo, por ejemplo, el acceso a los usuarios que se hayan registrado previamente, acceder a las \u00e1reas, servicios, promociones o concursos reservados exclusivamente a ellos sin tener que registrarse en cada visita. Se utilizan tambi\u00e9n para medir la audiencia y par\u00e1metros del tr\u00e1fico, controlar el progreso y n\u00famero de entradas. El usuario tiene la posibilidad de configurar su navegador para ser avisado de la recepci\u00f3n de cookies y para impedir su instalaci\u00f3n en su equipo. Por favor, consulte las instrucciones y manuales de su navegador para ampliar esta informaci\u00f3n. Para utilizar el sitio web, no resulta necesario que el usuario permita la instalaci\u00f3n de las cookies enviadas por el sitio web, o el tercero que act\u00fae en su nombre, sin perjuicio de que sea necesario que el usuario inicie una sesi\u00f3n como tal en cada uno de los servicios cuya prestaci\u00f3n requiera el previo registro o \u201clogin\u201d.<br>Las cookies utilizadas en este sitio web tienen, en todo caso, car\u00e1cter temporal con la \u00fanica finalidad de hacer m\u00e1s eficaz su transmisi\u00f3n ulterior. En ning\u00fan caso se utilizar\u00e1n las cookies para recoger informaci\u00f3n de car\u00e1cter personal. XI.- Cambios en el Aviso de Privacidad Nos reservamos el derecho de efectuar, en cualquier momento, modificaciones o actualizaciones al presente Aviso de Privacidad, para atender reformas legislativas, pol\u00edticas internas o nuevos requerimientos para la prestaci\u00f3n u ofrecimiento de nuestros servicios o productos. Estas modificaciones estar\u00e1n disponibles al p\u00fablico a trav\u00e9s de anuncios, tr\u00edpticos o folletos visibles en nuestros establecimientos o centros de atenci\u00f3n, en nuestra p\u00e1gina de internet o, se las haremos llegar al \u00faltimo correo electr\u00f3nico que nos haya proporcionado. Fecha \u00faltima actualizaci\u00f3n: 15 de octubre de 2024 Atentamente<br>GCG6, S.A. DE C.V.<\/p>\n\n\n\n<p>Otorgar servicios de arrendamiento de inmuebles, compra, venta y comercializaci\u00f3n de los mismos.<\/p>\n\n\n\n<p>Ejecutar todos los actos y celebrar todos los contratos relacionados con el objeto de nuestra activad.<\/p>\n\n\n\n<p>Para proveer los servicios y productos que ha solicitado<\/p>\n\n\n\n<p>evaluar la calidad del servicio que le brindamos<\/p>\n\n\n\n<p>informarle sobre cambios en los mismos II.- Medios para recabar los Datos Personales Para las finalidades se\u00f1aladas, podemos recabar sus datos personales por diferentes medios:<\/p>\n\n\n\n<p>Mediante el uso de correos electr\u00f3nicos.<\/p>\n\n\n\n<p>Cuando usted nos los proporciona directamente.<\/p>\n\n\n\n<p>Cuando se comunica v\u00eda telef\u00f3nica con nosotros (incluyendo centros de atenci\u00f3n a clientes).<\/p>\n\n\n\n<p>Mediante mensajes cortos de texto (SMS).<\/p>\n\n\n\n<p>Mediante fuentes de acceso p\u00fablico y de otras fuentes permitidas por la ley, como directorios telef\u00f3nicos.<br>III.- Datos Personales que se solicitan Los datos personales que se solicitan, dependiendo las finalidades para las que se recaban, son: nombre completo, tel\u00e9fono fijo y\/o celular, direcci\u00f3n, correo electr\u00f3nico, RFC, nombre de la empresas y nombre del representante legal. IV.- Responsable de los Datos Personales Hemos destinado a nuestro Departamento de atenci\u00f3n al cliente como responsable de la custodia de los Datos Personales, el cual dar\u00e1 tr\u00e1mite a las solicitudes y fomentar\u00e1 la protecci\u00f3n de los Datos Personales al interior de la empresa. Al igual, en caso de que no desee que sus datos personales sean tratados para estos fines como responsable de de la custodia de los Datos Personales, el cual dar\u00e1 tr\u00e1mite a las solicitudes y fomentar\u00e1 la protecci\u00f3n de los Datos Personales al interior de la empresa. Las formas de contacto son: Domicilio: Calle Montecito N\u00famero 38, Piso 27, oficina 23 Y 24, Colonia N\u00e1poles, Alcald\u00eda Benito Ju\u00e1rez, C.P. 03810, Ciudad de M\u00e9xico Tel\u00e9fono: 55 90 01 07 28 Correo electr\u00f3nico: juridico@grupocantarell.com La negativa para el uso de sus datos personales para estas finalidades no podr\u00e1 ser un motivo para que le neguemos los servicios y productos que solicita o contrate con nosotros. V.- Derechos ARCO Usted tiene derecho de Acceder a sus datos personales que poseemos y a los detalles del tratamiento de los mismos, as\u00ed como a Rectificarlos en caso de ser inexactos o incompletos; Cancelarlos cuando considere que no se requieren para alguna de las finalidades se\u00f1alados en el presente aviso de privacidad, est\u00e9n siendo utilizados para finalidades no consentidas o haya finalizado la relaci\u00f3n contractual o de servicio, o bien, Oponerse al tratamiento de los mismos para fines espec\u00edficos.<br>VI.- Como ejercer sus derechos ARCO Para el ejercicio de cualquiera de los derechos ARCO, usted deber\u00e1 presentar la solicitud respectiva en nuestro departamento JURIDICO en Calle Montecito N\u00famero 38, Piso 27, oficina 23 Y 24, Colonia N\u00e1poles, Alcald\u00eda Benito Ju\u00e1rez, C.P. 03810, Ciudad de M\u00e9xico, o bien enviar un correo electr\u00f3nico a juridico@grupocantarell.com, solicitando hacer validos sus derechos ARCO. Para conocer el procedimiento y requisitos para el ejercicio de los derechos ARCO, usted podr\u00e1 llamar al siguiente n\u00famero telef\u00f3nico 55 9001 0728; ingresar a nuestro sitio de Internet www.grupocantarell.com a la secci\u00f3n PRIVACIDAD, o bien ponerse en contacto con nuestro Departamento de atenci\u00f3n al cliente, que dar\u00e1 tr\u00e1mite a las solicitudes para el ejercicio de estos derechos, y atender\u00e1 cualquier duda que pudiera tener respecto al tratamiento de su informaci\u00f3n. VII.- Procedimiento para ejercer sus derechos ARCO Para la presentaci\u00f3n de la solicitud deber\u00e1 contener por lo menos lo siguiente:<\/p>\n\n\n\n<p>Nombre completo, domicilio y correo electr\u00f3nico y tel\u00e9fono del titular de los Datos Personales, u otro medio para comunicarle la respuesta a su solicitud.<\/p>\n\n\n\n<p>Documentos que acrediten la identidad o la representaci\u00f3n legal del titular de los Datos Personales.<\/p>\n\n\n\n<p>Descripci\u00f3n clara y precisa de los Datos Personales respecto de los que se busca ejercer alguno de los derechos antes mencionados.<\/p>\n\n\n\n<p>Cualquier otro elemento o documento que facilite la localizaci\u00f3n de los Datos Personales.<\/p>\n\n\n\n<p>Indicar las modificaciones a realizarse y\/o las limitaciones al uso de los Datos Personales, conforme a lo establecido en el apartado 6.2. del presente Aviso de Privacidad.<\/p>\n","protected":false},"excerpt":{"rendered":"<p>AVISO DE PRIVACIDAD Conforme a lo previsto en la Ley Federal de Protecci\u00f3n de Datos Personales en Posesi\u00f3n de los Particulares, hacemos de su conocimiento, que GCG6, S.A. DE C.V., quien comercialmente usa el nombre de GRUPO CANTARELL, con domicilio en Calle Montecito N\u00famero 38, Piso 27, oficina 23 Y 24, Colonia N\u00e1poles, Alcald\u00eda Benito [&hellip;]<\/p>\n","protected":false},"author":1,"featured_media":0,"parent":0,"menu_order":0,"comment_status":"closed","ping_status":"open","template":"","meta":{"footnotes":""},"class_list":["post-3","page","type-page","status-publish","hentry"],"_links":{"self":[{"href":"https:\/\/global.grupocantarell.com\/index.php\/wp-json\/wp\/v2\/pages\/3","targetHints":{"allow":["GET"]}}],"collection":[{"href":"https:\/\/global.grupocantarell.com\/index.php\/wp-json\/wp\/v2\/pages"}],"about":[{"href":"https:\/\/global.grupocantarell.com\/index.php\/wp-json\/wp\/v2\/types\/page"}],"author":[{"embeddable":true,"href":"https:\/\/global.grupocantarell.com\/index.php\/wp-json\/wp\/v2\/users\/1"}],"replies":[{"embeddable":true,"href":"https:\/\/global.grupocantarell.com\/index.php\/wp-json\/wp\/v2\/comments?post=3"}],"version-history":[{"count":3,"href":"https:\/\/global.grupocantarell.com\/index.php\/wp-json\/wp\/v2\/pages\/3\/revisions"}],"predecessor-version":[{"id":721,"href":"https:\/\/global.grupocantarell.com\/index.php\/wp-json\/wp\/v2\/pages\/3\/revisions\/721"}],"wp:attachment":[{"href":"https:\/\/global.grupocantarell.com\/index.php\/wp-json\/wp\/v2\/media?parent=3"}],"curies":[{"name":"wp","href":"https:\/\/api.w.org\/{rel}","templated":true}]}}